{"id":4052,"date":"2021-12-18T16:40:01","date_gmt":"2021-12-18T16:40:01","guid":{"rendered":"https:\/\/the7.io\/elementor-business\/?page_id=4052"},"modified":"2021-12-18T16:40:01","modified_gmt":"2021-12-18T16:40:01","slug":"projects","status":"publish","type":"page","link":"https:\/\/halonatrade.com\/fr\/projects\/","title":{"rendered":"Projets"},"content":{"rendered":"<div data-elementor-type=\"wp-page\" data-elementor-id=\"4052\" class=\"elementor elementor-4052\" data-elementor-post-type=\"page\">\n\t\t\t\t\t\t<section class=\"elementor-section elementor-top-section elementor-element elementor-element-b5feb80 elementor-section-boxed elementor-section-height-default elementor-section-height-default\" data-id=\"b5feb80\" data-element_type=\"section\">\n\t\t\t\t\t\t<div class=\"elementor-container elementor-column-gap-wider\">\n\t\t\t\t\t<div class=\"elementor-column elementor-col-100 elementor-top-column elementor-element elementor-element-790bcb1\" data-id=\"790bcb1\" data-element_type=\"column\">\n\t\t\t<div class=\"elementor-widget-wrap elementor-element-populated\">\n\t\t\t\t\t\t<div class=\"elementor-element elementor-element-776ce17 img-align-top image-vertical-align-center slide-h-position-center icon-box-vertical-align-top preserve-img-ratio-cover elementor-widget elementor-widget-the7-elements-simple-posts\" data-id=\"776ce17\" data-element_type=\"widget\" data-widget_type=\"the7-elements-simple-posts.default\">\n\t\t\t\t<div class=\"elementor-widget-container\">\n\t\t\t<div class=\"the7-simple-widget-posts the7-elementor-widget the7-elements-simple-posts-776ce17 jquery-filter jquery-filter\" data-post-limit=\"12\" data-pagination-mode=\"load-more\" data-scroll-offset=\"\">\t\t\t<div class=\"dt-css-grid custom-pagination-handler\" data-columns=\"{&quot;d&quot;:3,&quot;t&quot;:2,&quot;p&quot;:1,&quot;wd&quot;:3}\">\n\t\t\t\t\t\t\t\t\t<div class=\"wf-cell visible\">\n\t\t\t\t\t\t<article class=\"post visible wrapper post-589 dt_portfolio type-dt_portfolio status-publish has-post-thumbnail hentry\">\n\n\t\t\t\t\t\t\t<div class=\"post-content-wrapper\">\n\t\t\t\t\t\t\t\t\t\t\t\t\t\t\t\t\t<div class=\"the7-simple-post-thumb\">\n\t\t\t\t\t\t\t\t\t\t<a class=\"post-thumbnail-rollover layzr-bg img-css-resize-wrapper\" aria-label=\"Image article\" href=\"https:\/\/halonatrade.com\/fr\/project\/ipsum-from-dolor-amet\/\"><img fetchpriority=\"high\" decoding=\"async\" width=\"1280\" height=\"1707\" src=\"data:image\/svg+xml,%3Csvg%20xmlns%3D&#039;http%3A%2F%2Fwww.w3.org%2F2000%2Fsvg&#039;%20viewBox%3D&#039;0%200%201280%201707&#039;%2F%3E\" class=\"attachment-full size-full preload-me aspect lazy lazy-load\" alt=\"\" sizes=\"(max-width: 1280px) 100vw, 1280px\" style=\"--ratio: 1280 \/ 1707;\" data-src=\"https:\/\/halonatrade.com\/wp-content\/uploads\/2020\/02\/\u5fae\u4fe1\u56fe\u7247_20240923233330.jpg\" loading=\"eager\" data-srcset=\"https:\/\/halonatrade.com\/wp-content\/uploads\/2020\/02\/\u5fae\u4fe1\u56fe\u7247_20240923233330.jpg 1280w, https:\/\/halonatrade.com\/wp-content\/uploads\/2020\/02\/\u5fae\u4fe1\u56fe\u7247_20240923233330-225x300.jpg 225w, https:\/\/halonatrade.com\/wp-content\/uploads\/2020\/02\/\u5fae\u4fe1\u56fe\u7247_20240923233330-768x1024.jpg 768w, https:\/\/halonatrade.com\/wp-content\/uploads\/2020\/02\/\u5fae\u4fe1\u56fe\u7247_20240923233330-1152x1536.jpg 1152w\" \/><span class=\"the7-hover-icon\"><\/span><\/a>\t\t\t\t\t\t\t\t\t<\/div>\n\t\t\t\t\t\t\t\t\t\t\t\t\t\t\t\t<div class=\"post-entry-content\">\n\t\t\t\t\t\t\t\t\t<h5 class=\"heading\"><a href=\"https:\/\/halonatrade.com\/fr\/project\/ipsum-from-dolor-amet\/\" rel=\"bookmark\" title=\"L&#039;\u00e9volution du commerce mondial\" class=\"post-title\">L'\u00e9volution du commerce mondial<\/a><\/h5><p class=\"short-description\">Les progr\u00e8s technologiques rapides et les changements g\u00e9opolitiques transforment le paysage du commerce international, poussant les entreprises \u00e0 innover et \u00e0 rester agiles.<\/p><a href=\"https:\/\/halonatrade.com\/fr\/project\/ipsum-from-dolor-amet\/\" target=\"\" aria-label=\"En savoir plus sur Global Trade Shifts\" class=\"box-button elementor-button elementor-size-sm\">View case<\/a>\t\t\t\t\t\t\t\t<\/div>\n\t\t\t\t\t\t\t<\/div>\n\t\t\t\t\t\t<\/article>\n\t\t\t\t\t<\/div>\t\t\t\t\t\t\t\t\t\t<div class=\"wf-cell visible\">\n\t\t\t\t\t\t<article class=\"post visible wrapper post-585 dt_portfolio type-dt_portfolio status-publish has-post-thumbnail hentry\">\n\n\t\t\t\t\t\t\t<div class=\"post-content-wrapper\">\n\t\t\t\t\t\t\t\t\t\t\t\t\t\t\t\t\t<div class=\"the7-simple-post-thumb\">\n\t\t\t\t\t\t\t\t\t\t<a class=\"post-thumbnail-rollover layzr-bg img-css-resize-wrapper\" aria-label=\"Image article\" href=\"https:\/\/halonatrade.com\/fr\/project\/amet-from-ipsum\/\"><img decoding=\"async\" width=\"1702\" height=\"1276\" src=\"data:image\/svg+xml,%3Csvg%20xmlns%3D&#039;http%3A%2F%2Fwww.w3.org%2F2000%2Fsvg&#039;%20viewBox%3D&#039;0%200%201702%201276&#039;%2F%3E\" class=\"attachment-full size-full preload-me aspect lazy lazy-load\" alt=\"\" sizes=\"(max-width: 1702px) 100vw, 1702px\" style=\"--ratio: 1702 \/ 1276;\" data-src=\"https:\/\/halonatrade.com\/wp-content\/uploads\/2024\/09\/\u5fae\u4fe1\u56fe\u7247_20240923233310_\u7f8e\u56fe\u8bbe\u8ba1\u5ba4AI\u6d88\u9664_20241023.jpg\" loading=\"eager\" data-srcset=\"https:\/\/halonatrade.com\/wp-content\/uploads\/2024\/09\/\u5fae\u4fe1\u56fe\u7247_20240923233310_\u7f8e\u56fe\u8bbe\u8ba1\u5ba4AI\u6d88\u9664_20241023.jpg 1702w, https:\/\/halonatrade.com\/wp-content\/uploads\/2024\/09\/\u5fae\u4fe1\u56fe\u7247_20240923233310_\u7f8e\u56fe\u8bbe\u8ba1\u5ba4AI\u6d88\u9664_20241023-300x225.jpg 300w, https:\/\/halonatrade.com\/wp-content\/uploads\/2024\/09\/\u5fae\u4fe1\u56fe\u7247_20240923233310_\u7f8e\u56fe\u8bbe\u8ba1\u5ba4AI\u6d88\u9664_20241023-1024x768.jpg 1024w, https:\/\/halonatrade.com\/wp-content\/uploads\/2024\/09\/\u5fae\u4fe1\u56fe\u7247_20240923233310_\u7f8e\u56fe\u8bbe\u8ba1\u5ba4AI\u6d88\u9664_20241023-768x576.jpg 768w, https:\/\/halonatrade.com\/wp-content\/uploads\/2024\/09\/\u5fae\u4fe1\u56fe\u7247_20240923233310_\u7f8e\u56fe\u8bbe\u8ba1\u5ba4AI\u6d88\u9664_20241023-1536x1152.jpg 1536w\" \/><span class=\"the7-hover-icon\"><\/span><\/a>\t\t\t\t\t\t\t\t\t<\/div>\n\t\t\t\t\t\t\t\t\t\t\t\t\t\t\t\t<div class=\"post-entry-content\">\n\t\t\t\t\t\t\t\t\t<h5 class=\"heading\"><a href=\"https:\/\/halonatrade.com\/fr\/project\/amet-from-ipsum\/\" rel=\"bookmark\" title=\"R\u00e9volution logistique\" class=\"post-title\">R\u00e9volution logistique<\/a><\/h5><p class=\"short-description\">L'int\u00e9gration de l'IoT et de l'IA optimise la logistique, en assurant une gestion efficace des stocks et des itin\u00e9raires d'exp\u00e9dition pr\u00e9dictifs.<\/p><a href=\"https:\/\/halonatrade.com\/fr\/project\/amet-from-ipsum\/\" target=\"\" aria-label=\"En savoir plus sur Logistics Revolution\" class=\"box-button elementor-button elementor-size-sm\">View case<\/a>\t\t\t\t\t\t\t\t<\/div>\n\t\t\t\t\t\t\t<\/div>\n\t\t\t\t\t\t<\/article>\n\t\t\t\t\t<\/div>\t\t\t\t\t\t\t\t\t\t<div class=\"wf-cell visible\">\n\t\t\t\t\t\t<article class=\"post visible wrapper post-587 dt_portfolio type-dt_portfolio status-publish has-post-thumbnail hentry\">\n\n\t\t\t\t\t\t\t<div class=\"post-content-wrapper\">\n\t\t\t\t\t\t\t\t\t\t\t\t\t\t\t\t\t<div class=\"the7-simple-post-thumb\">\n\t\t\t\t\t\t\t\t\t\t<a class=\"post-thumbnail-rollover layzr-bg img-css-resize-wrapper\" aria-label=\"Image article\" href=\"https:\/\/halonatrade.com\/fr\/project\/nulla-glavrida\/\"><img decoding=\"async\" width=\"1280\" height=\"960\" src=\"data:image\/svg+xml,%3Csvg%20xmlns%3D&#039;http%3A%2F%2Fwww.w3.org%2F2000%2Fsvg&#039;%20viewBox%3D&#039;0%200%201280%20960&#039;%2F%3E\" class=\"attachment-full size-full preload-me aspect lazy lazy-load\" alt=\"\" sizes=\"(max-width: 1280px) 100vw, 1280px\" style=\"--ratio: 1280 \/ 960;\" data-src=\"https:\/\/halonatrade.com\/wp-content\/uploads\/2024\/10\/halona11.jpg\" loading=\"eager\" data-srcset=\"https:\/\/halonatrade.com\/wp-content\/uploads\/2024\/10\/halona11.jpg 1280w, https:\/\/halonatrade.com\/wp-content\/uploads\/2024\/10\/halona11-300x225.jpg 300w, https:\/\/halonatrade.com\/wp-content\/uploads\/2024\/10\/halona11-1024x768.jpg 1024w, https:\/\/halonatrade.com\/wp-content\/uploads\/2024\/10\/halona11-768x576.jpg 768w\" \/><span class=\"the7-hover-icon\"><\/span><\/a>\t\t\t\t\t\t\t\t\t<\/div>\n\t\t\t\t\t\t\t\t\t\t\t\t\t\t\t\t<div class=\"post-entry-content\">\n\t\t\t\t\t\t\t\t\t<h5 class=\"heading\"><a href=\"https:\/\/halonatrade.com\/fr\/project\/nulla-glavrida\/\" rel=\"bookmark\" title=\"Boom du commerce \u00e9lectronique\" class=\"post-title\">Boom du commerce \u00e9lectronique<\/a><\/h5><p class=\"short-description\">L'expansion rapide des plateformes en ligne comble les \u00e9carts g\u00e9ographiques et permet aux PME d'acc\u00e9der directement aux consommateurs internationaux.<\/p><a href=\"https:\/\/halonatrade.com\/fr\/project\/nulla-glavrida\/\" target=\"\" aria-label=\"En savoir plus sur E-Commerce Boom\" class=\"box-button elementor-button elementor-size-sm\">View case<\/a>\t\t\t\t\t\t\t\t<\/div>\n\t\t\t\t\t\t\t<\/div>\n\t\t\t\t\t\t<\/article>\n\t\t\t\t\t<\/div>\t\t\t\t\t\t\t\t\t\t<div class=\"wf-cell visible\">\n\t\t\t\t\t\t<article class=\"post visible wrapper post-591 dt_portfolio type-dt_portfolio status-publish has-post-thumbnail hentry\">\n\n\t\t\t\t\t\t\t<div class=\"post-content-wrapper\">\n\t\t\t\t\t\t\t\t\t\t\t\t\t\t\t\t\t<div class=\"the7-simple-post-thumb\">\n\t\t\t\t\t\t\t\t\t\t<a class=\"post-thumbnail-rollover layzr-bg img-css-resize-wrapper\" aria-label=\"Image article\" href=\"https:\/\/halonatrade.com\/fr\/project\/morbi-dapibus\/\"><img decoding=\"async\" width=\"1280\" height=\"1707\" src=\"data:image\/svg+xml,%3Csvg%20xmlns%3D&#039;http%3A%2F%2Fwww.w3.org%2F2000%2Fsvg&#039;%20viewBox%3D&#039;0%200%201280%201707&#039;%2F%3E\" class=\"attachment-full size-full preload-me aspect lazy lazy-load\" alt=\"\" sizes=\"(max-width: 1280px) 100vw, 1280px\" style=\"--ratio: 1280 \/ 1707;\" data-src=\"https:\/\/halonatrade.com\/wp-content\/uploads\/2024\/10\/4.jpg\" loading=\"eager\" data-srcset=\"https:\/\/halonatrade.com\/wp-content\/uploads\/2024\/10\/4.jpg 1280w, https:\/\/halonatrade.com\/wp-content\/uploads\/2024\/10\/4-225x300.jpg 225w, https:\/\/halonatrade.com\/wp-content\/uploads\/2024\/10\/4-768x1024.jpg 768w, https:\/\/halonatrade.com\/wp-content\/uploads\/2024\/10\/4-1152x1536.jpg 1152w\" \/><span class=\"the7-hover-icon\"><\/span><\/a>\t\t\t\t\t\t\t\t\t<\/div>\n\t\t\t\t\t\t\t\t\t\t\t\t\t\t\t\t<div class=\"post-entry-content\">\n\t\t\t\t\t\t\t\t\t<h5 class=\"heading\"><a href=\"https:\/\/halonatrade.com\/fr\/project\/morbi-dapibus\/\" rel=\"bookmark\" title=\"L&#039;essor du commerce \u00e9lectronique transfrontalier\" class=\"post-title\">L'essor du commerce \u00e9lectronique transfrontalier<\/a><\/h5><p class=\"short-description\">La croissance explosive des ventes en ligne transfrontali\u00e8res modifie le comportement des consommateurs et offre des opportunit\u00e9s sans pr\u00e9c\u00e9dent aux exportateurs du monde entier.<\/p><a href=\"https:\/\/halonatrade.com\/fr\/project\/morbi-dapibus\/\" target=\"\" aria-label=\"En savoir plus sur Cross-Border E-Commerce Surge\" class=\"box-button elementor-button elementor-size-sm\">View case<\/a>\t\t\t\t\t\t\t\t<\/div>\n\t\t\t\t\t\t\t<\/div>\n\t\t\t\t\t\t<\/article>\n\t\t\t\t\t<\/div>\t\t\t\t\t\t\t\t\t\t<div class=\"wf-cell visible\">\n\t\t\t\t\t\t<article class=\"post visible wrapper post-596 dt_portfolio type-dt_portfolio status-publish has-post-thumbnail hentry\">\n\n\t\t\t\t\t\t\t<div class=\"post-content-wrapper\">\n\t\t\t\t\t\t\t\t\t\t\t\t\t\t\t\t\t<div class=\"the7-simple-post-thumb\">\n\t\t\t\t\t\t\t\t\t\t<a class=\"post-thumbnail-rollover layzr-bg img-css-resize-wrapper\" aria-label=\"Image article\" href=\"https:\/\/halonatrade.com\/fr\/project\/class-aptent-taciti\/\"><img decoding=\"async\" width=\"988\" height=\"669\" src=\"data:image\/svg+xml,%3Csvg%20xmlns%3D&#039;http%3A%2F%2Fwww.w3.org%2F2000%2Fsvg&#039;%20viewBox%3D&#039;0%200%20988%20669&#039;%2F%3E\" class=\"attachment-full size-full preload-me aspect lazy lazy-load\" alt=\"\" sizes=\"(max-width: 988px) 100vw, 988px\" style=\"--ratio: 988 \/ 669;\" data-src=\"https:\/\/halonatrade.com\/wp-content\/uploads\/2024\/09\/\u5fae\u4fe1\u56fe\u7247_20240923233339_\u7f8e\u56fe\u8bbe\u8ba1\u5ba4AI\u6d88\u9664_20241023.png\" loading=\"eager\" data-srcset=\"https:\/\/halonatrade.com\/wp-content\/uploads\/2024\/09\/\u5fae\u4fe1\u56fe\u7247_20240923233339_\u7f8e\u56fe\u8bbe\u8ba1\u5ba4AI\u6d88\u9664_20241023.png 988w, https:\/\/halonatrade.com\/wp-content\/uploads\/2024\/09\/\u5fae\u4fe1\u56fe\u7247_20240923233339_\u7f8e\u56fe\u8bbe\u8ba1\u5ba4AI\u6d88\u9664_20241023-300x203.png 300w, https:\/\/halonatrade.com\/wp-content\/uploads\/2024\/09\/\u5fae\u4fe1\u56fe\u7247_20240923233339_\u7f8e\u56fe\u8bbe\u8ba1\u5ba4AI\u6d88\u9664_20241023-768x520.png 768w\" \/><span class=\"the7-hover-icon\"><\/span><\/a>\t\t\t\t\t\t\t\t\t<\/div>\n\t\t\t\t\t\t\t\t\t\t\t\t\t\t\t\t<div class=\"post-entry-content\">\n\t\t\t\t\t\t\t\t\t<h5 class=\"heading\"><a href=\"https:\/\/halonatrade.com\/fr\/project\/class-aptent-taciti\/\" rel=\"bookmark\" title=\"Cha\u00eenes d&#039;approvisionnement durables\" class=\"post-title\">Cha\u00eenes d'approvisionnement durables<\/a><\/h5><p class=\"short-description\">La sensibilisation croissante \u00e0 l'environnement incite \u00e0 int\u00e9grer la durabilit\u00e9 dans tous les aspects du commerce international, de l'approvisionnement \u00e0 la livraison.<\/p><a href=\"https:\/\/halonatrade.com\/fr\/project\/class-aptent-taciti\/\" target=\"\" aria-label=\"En savoir plus sur Sustainable Supply Chains\" class=\"box-button elementor-button elementor-size-sm\">View case<\/a>\t\t\t\t\t\t\t\t<\/div>\n\t\t\t\t\t\t\t<\/div>\n\t\t\t\t\t\t<\/article>\n\t\t\t\t\t<\/div>\t\t\t\t\t\t\t\t\t\t<div class=\"wf-cell visible\">\n\t\t\t\t\t\t<article class=\"post visible wrapper post-583 dt_portfolio type-dt_portfolio status-publish has-post-thumbnail hentry\">\n\n\t\t\t\t\t\t\t<div class=\"post-content-wrapper\">\n\t\t\t\t\t\t\t\t\t\t\t\t\t\t\t\t\t<div class=\"the7-simple-post-thumb\">\n\t\t\t\t\t\t\t\t\t\t<a class=\"post-thumbnail-rollover layzr-bg img-css-resize-wrapper\" aria-label=\"Image article\" href=\"https:\/\/halonatrade.com\/fr\/project\/lorem-ipsum-dolor\/\"><img decoding=\"async\" width=\"1280\" height=\"1707\" src=\"data:image\/svg+xml,%3Csvg%20xmlns%3D&#039;http%3A%2F%2Fwww.w3.org%2F2000%2Fsvg&#039;%20viewBox%3D&#039;0%200%201280%201707&#039;%2F%3E\" class=\"attachment-full size-full preload-me aspect lazy lazy-load\" alt=\"\" sizes=\"(max-width: 1280px) 100vw, 1280px\" style=\"--ratio: 1280 \/ 1707;\" data-src=\"https:\/\/halonatrade.com\/wp-content\/uploads\/2020\/02\/111.jpg\" loading=\"eager\" data-srcset=\"https:\/\/halonatrade.com\/wp-content\/uploads\/2020\/02\/111.jpg 1280w, https:\/\/halonatrade.com\/wp-content\/uploads\/2020\/02\/111-225x300.jpg 225w, https:\/\/halonatrade.com\/wp-content\/uploads\/2020\/02\/111-768x1024.jpg 768w, https:\/\/halonatrade.com\/wp-content\/uploads\/2020\/02\/111-1152x1536.jpg 1152w\" \/><span class=\"the7-hover-icon\"><\/span><\/a>\t\t\t\t\t\t\t\t\t<\/div>\n\t\t\t\t\t\t\t\t\t\t\t\t\t\t\t\t<div class=\"post-entry-content\">\n\t\t\t\t\t\t\t\t\t<h5 class=\"heading\"><a href=\"https:\/\/halonatrade.com\/fr\/project\/lorem-ipsum-dolor\/\" rel=\"bookmark\" title=\"Incertitude de la politique commerciale\" class=\"post-title\">Incertitude de la politique commerciale<\/a><\/h5><p class=\"short-description\">Unclear trade policies and sudden tariff changes create an atmosphere of uncertainty, requiring businesses to develop flexible strategies to mitigate risks.<\/p><a href=\"https:\/\/halonatrade.com\/fr\/project\/lorem-ipsum-dolor\/\" target=\"\" aria-label=\"En savoir plus sur Trade Policy Uncertainty\" class=\"box-button elementor-button elementor-size-sm\">View case<\/a>\t\t\t\t\t\t\t\t<\/div>\n\t\t\t\t\t\t\t<\/div>\n\t\t\t\t\t\t<\/article>\n\t\t\t\t\t<\/div>\t\t\t\t\t\t\t\t<\/div>\n\t\t<div class=\"paginator filter-decorations paginator-more-button filter-pointer-framed\">\n\t\t\t\t<a class=\"button-load-more highlighted filter-item\" href=\"javascript:void(0);\" data-dt-page=\"1\" ><span class=\"button-caption\">Load more<\/span><\/a>\n\t\t\t<\/div><\/div>\t\t<\/div>\n\t\t\t\t<\/div>\n\t\t\t\t\t<\/div>\n\t\t<\/div>\n\t\t\t\t\t<\/div>\n\t\t<\/section>\n\t\t\t\t<\/div>","protected":false},"excerpt":{"rendered":"","protected":false},"author":1,"featured_media":356,"parent":0,"menu_order":60,"comment_status":"closed","ping_status":"closed","template":"","meta":{"footnotes":""},"class_list":["post-4052","page","type-page","status-publish","has-post-thumbnail","hentry"],"yoast_head":"<!-- This site is optimized with the Yoast SEO Premium plugin v23.4 (Yoast SEO v23.4) - https:\/\/yoast.com\/wordpress\/plugins\/seo\/ -->\n<title>Projects - GUANGZHOU HALONA TRADING CO.,LTD<\/title>\n<meta name=\"robots\" content=\"index, follow, max-snippet:-1, max-image-preview:large, max-video-preview:-1\" \/>\n<link rel=\"canonical\" href=\"https:\/\/halonatrade.com\/fr\/projects\/\" \/>\n<meta property=\"og:locale\" content=\"fr_FR\" \/>\n<meta property=\"og:type\" content=\"article\" \/>\n<meta property=\"og:title\" content=\"Projects\" \/>\n<meta property=\"og:url\" content=\"https:\/\/halonatrade.com\/fr\/projects\/\" \/>\n<meta property=\"og:site_name\" content=\"GUANGZHOU HALONA TRADING CO.,LTD\" \/>\n<meta property=\"og:image\" content=\"https:\/\/halonatrade.com\/wp-content\/uploads\/2020\/02\/img001-9-1.jpg\" \/>\n\t<meta property=\"og:image:width\" content=\"1500\" \/>\n\t<meta property=\"og:image:height\" content=\"1000\" \/>\n\t<meta property=\"og:image:type\" content=\"image\/jpeg\" \/>\n<meta name=\"twitter:card\" content=\"summary_large_image\" \/>\n<script type=\"application\/ld+json\" class=\"yoast-schema-graph\">{\"@context\":\"https:\/\/schema.org\",\"@graph\":[{\"@type\":\"WebPage\",\"@id\":\"https:\/\/halonatrade.com\/projects\/\",\"url\":\"https:\/\/halonatrade.com\/projects\/\",\"name\":\"Projects - GUANGZHOU HALONA TRADING CO.,LTD\",\"isPartOf\":{\"@id\":\"https:\/\/halonatrade.com\/#website\"},\"primaryImageOfPage\":{\"@id\":\"https:\/\/halonatrade.com\/projects\/#primaryimage\"},\"image\":{\"@id\":\"https:\/\/halonatrade.com\/projects\/#primaryimage\"},\"thumbnailUrl\":\"https:\/\/halonatrade.com\/wp-content\/uploads\/2020\/02\/img001-9-1.jpg\",\"datePublished\":\"2021-12-18T16:40:01+00:00\",\"dateModified\":\"2021-12-18T16:40:01+00:00\",\"breadcrumb\":{\"@id\":\"https:\/\/halonatrade.com\/projects\/#breadcrumb\"},\"inLanguage\":\"fr-FR\",\"potentialAction\":[{\"@type\":\"ReadAction\",\"target\":[\"https:\/\/halonatrade.com\/projects\/\"]}]},{\"@type\":\"ImageObject\",\"inLanguage\":\"fr-FR\",\"@id\":\"https:\/\/halonatrade.com\/projects\/#primaryimage\",\"url\":\"https:\/\/halonatrade.com\/wp-content\/uploads\/2020\/02\/img001-9-1.jpg\",\"contentUrl\":\"https:\/\/halonatrade.com\/wp-content\/uploads\/2020\/02\/img001-9-1.jpg\",\"width\":1500,\"height\":1000},{\"@type\":\"BreadcrumbList\",\"@id\":\"https:\/\/halonatrade.com\/projects\/#breadcrumb\",\"itemListElement\":[{\"@type\":\"ListItem\",\"position\":1,\"name\":\"Home\",\"item\":\"https:\/\/halonatrade.com\/\"},{\"@type\":\"ListItem\",\"position\":2,\"name\":\"Projects\"}]},{\"@type\":\"WebSite\",\"@id\":\"https:\/\/halonatrade.com\/#website\",\"url\":\"https:\/\/halonatrade.com\/\",\"name\":\"GUANGZHOU HALONA TRADING CO.,LTD\",\"description\":\"\",\"publisher\":{\"@id\":\"https:\/\/halonatrade.com\/#organization\"},\"potentialAction\":[{\"@type\":\"SearchAction\",\"target\":{\"@type\":\"EntryPoint\",\"urlTemplate\":\"https:\/\/halonatrade.com\/?s={search_term_string}\"},\"query-input\":{\"@type\":\"PropertyValueSpecification\",\"valueRequired\":true,\"valueName\":\"search_term_string\"}}],\"inLanguage\":\"fr-FR\"},{\"@type\":\"Organization\",\"@id\":\"https:\/\/halonatrade.com\/#organization\",\"name\":\"GUANGZHOU HALONA TRADING CO.,LTD\",\"url\":\"https:\/\/halonatrade.com\/\",\"logo\":{\"@type\":\"ImageObject\",\"inLanguage\":\"fr-FR\",\"@id\":\"https:\/\/halonatrade.com\/#\/schema\/logo\/image\/\",\"url\":\"https:\/\/halonatrade.com\/wp-content\/uploads\/2021\/12\/bus-logo-black.svg\",\"contentUrl\":\"https:\/\/halonatrade.com\/wp-content\/uploads\/2021\/12\/bus-logo-black.svg\",\"width\":50,\"height\":22,\"caption\":\"GUANGZHOU HALONA TRADING CO.,LTD\"},\"image\":{\"@id\":\"https:\/\/halonatrade.com\/#\/schema\/logo\/image\/\"}}]}<\/script>\n<!-- \/ Yoast SEO Premium plugin. -->","yoast_head_json":{"title":"Projects - GUANGZHOU HALONA TRADING CO.,LTD","robots":{"index":"index","follow":"follow","max-snippet":"max-snippet:-1","max-image-preview":"max-image-preview:large","max-video-preview":"max-video-preview:-1"},"canonical":"https:\/\/halonatrade.com\/fr\/projects\/","og_locale":"fr_FR","og_type":"article","og_title":"Projects","og_url":"https:\/\/halonatrade.com\/fr\/projects\/","og_site_name":"GUANGZHOU HALONA TRADING CO.,LTD","og_image":[{"width":1500,"height":1000,"url":"https:\/\/halonatrade.com\/wp-content\/uploads\/2020\/02\/img001-9-1.jpg","type":"image\/jpeg"}],"twitter_card":"summary_large_image","schema":{"@context":"https:\/\/schema.org","@graph":[{"@type":"WebPage","@id":"https:\/\/halonatrade.com\/projects\/","url":"https:\/\/halonatrade.com\/projects\/","name":"Projects - GUANGZHOU HALONA TRADING CO.,LTD","isPartOf":{"@id":"https:\/\/halonatrade.com\/#website"},"primaryImageOfPage":{"@id":"https:\/\/halonatrade.com\/projects\/#primaryimage"},"image":{"@id":"https:\/\/halonatrade.com\/projects\/#primaryimage"},"thumbnailUrl":"https:\/\/halonatrade.com\/wp-content\/uploads\/2020\/02\/img001-9-1.jpg","datePublished":"2021-12-18T16:40:01+00:00","dateModified":"2021-12-18T16:40:01+00:00","breadcrumb":{"@id":"https:\/\/halonatrade.com\/projects\/#breadcrumb"},"inLanguage":"fr-FR","potentialAction":[{"@type":"ReadAction","target":["https:\/\/halonatrade.com\/projects\/"]}]},{"@type":"ImageObject","inLanguage":"fr-FR","@id":"https:\/\/halonatrade.com\/projects\/#primaryimage","url":"https:\/\/halonatrade.com\/wp-content\/uploads\/2020\/02\/img001-9-1.jpg","contentUrl":"https:\/\/halonatrade.com\/wp-content\/uploads\/2020\/02\/img001-9-1.jpg","width":1500,"height":1000},{"@type":"BreadcrumbList","@id":"https:\/\/halonatrade.com\/projects\/#breadcrumb","itemListElement":[{"@type":"ListItem","position":1,"name":"Home","item":"https:\/\/halonatrade.com\/"},{"@type":"ListItem","position":2,"name":"Projects"}]},{"@type":"WebSite","@id":"https:\/\/halonatrade.com\/#website","url":"https:\/\/halonatrade.com\/","name":"GUANGZHOU HALONA TRADING CO.,LTD","description":"","publisher":{"@id":"https:\/\/halonatrade.com\/#organization"},"potentialAction":[{"@type":"SearchAction","target":{"@type":"EntryPoint","urlTemplate":"https:\/\/halonatrade.com\/?s={search_term_string}"},"query-input":{"@type":"PropertyValueSpecification","valueRequired":true,"valueName":"search_term_string"}}],"inLanguage":"fr-FR"},{"@type":"Organization","@id":"https:\/\/halonatrade.com\/#organization","name":"GUANGZHOU HALONA TRADING CO.,LTD","url":"https:\/\/halonatrade.com\/","logo":{"@type":"ImageObject","inLanguage":"fr-FR","@id":"https:\/\/halonatrade.com\/#\/schema\/logo\/image\/","url":"https:\/\/halonatrade.com\/wp-content\/uploads\/2021\/12\/bus-logo-black.svg","contentUrl":"https:\/\/halonatrade.com\/wp-content\/uploads\/2021\/12\/bus-logo-black.svg","width":50,"height":22,"caption":"GUANGZHOU HALONA TRADING CO.,LTD"},"image":{"@id":"https:\/\/halonatrade.com\/#\/schema\/logo\/image\/"}}]}},"_links":{"self":[{"href":"https:\/\/halonatrade.com\/fr\/wp-json\/wp\/v2\/pages\/4052","targetHints":{"allow":["GET"]}}],"collection":[{"href":"https:\/\/halonatrade.com\/fr\/wp-json\/wp\/v2\/pages"}],"about":[{"href":"https:\/\/halonatrade.com\/fr\/wp-json\/wp\/v2\/types\/page"}],"author":[{"embeddable":true,"href":"https:\/\/halonatrade.com\/fr\/wp-json\/wp\/v2\/users\/1"}],"replies":[{"embeddable":true,"href":"https:\/\/halonatrade.com\/fr\/wp-json\/wp\/v2\/comments?post=4052"}],"version-history":[{"count":0,"href":"https:\/\/halonatrade.com\/fr\/wp-json\/wp\/v2\/pages\/4052\/revisions"}],"wp:featuredmedia":[{"embeddable":true,"href":"https:\/\/halonatrade.com\/fr\/wp-json\/wp\/v2\/media\/356"}],"wp:attachment":[{"href":"https:\/\/halonatrade.com\/fr\/wp-json\/wp\/v2\/media?parent=4052"}],"curies":[{"name":"wp","href":"https:\/\/api.w.org\/{rel}","templated":true}]}}